{"id":726,"date":"2026-03-18T16:24:23","date_gmt":"2026-03-18T15:24:23","guid":{"rendered":"https:\/\/volejbalhlucin.cz\/?page_id=726"},"modified":"2026-03-19T20:25:29","modified_gmt":"2026-03-19T19:25:29","slug":"u22","status":"publish","type":"page","link":"https:\/\/volejbalhlucin.cz\/?page_id=726","title":{"rendered":"U22"},"content":{"rendered":"\n<p>Soupiska hr\u00e1\u010d\u016f pro sez\u00f3nu 2025\/2026<\/p>\n\n\n\n<div class=\"wp-block-columns is-layout-flex wp-container-core-columns-is-layout-28f84493 wp-block-columns-is-layout-flex\">\n<div class=\"wp-block-column is-layout-flow wp-block-column-is-layout-flow\">\n<div class=\"hracka\">\n  <div class=\"cislo\">7<\/div>\n  <div class=\"info\">\n    <div class=\"jmeno\">Biskup Patrik<\/div>\n    <div class=\"meta\">2009 \u2022 <\/div>\n  <\/div>\n<\/div>\n<\/div>\n\n\n\n<div class=\"wp-block-column is-layout-flow wp-block-column-is-layout-flow\">\n<div class=\"hracka\">\n  <div class=\"cislo\">9<\/div>\n  <div class=\"info\">\n    <div class=\"jmeno\">Harazim Petr<\/div>\n    <div class=\"meta\">2008 \u2022 <\/div>\n  <\/div>\n<\/div>\n<\/div>\n\n\n\n<div class=\"wp-block-column is-layout-flow wp-block-column-is-layout-flow\">\n<div class=\"hracka\">\n  <div class=\"cislo\">15<\/div>\n  <div class=\"info\">\n    <div class=\"jmeno\">Hubert Luk\u00e1\u0161<\/div>\n    <div class=\"meta\">2007 \u2022 <\/div>\n  <\/div>\n<\/div>\n<\/div>\n<\/div>\n\n\n\n<div class=\"wp-block-columns is-layout-flex wp-container-core-columns-is-layout-28f84493 wp-block-columns-is-layout-flex\">\n<div class=\"wp-block-column is-layout-flow wp-block-column-is-layout-flow\">\n<div class=\"hracka\">\n  <div class=\"cislo\">8<\/div>\n  <div class=\"info\">\n    <div class=\"jmeno\">Kajzar Vlastimil<\/div>\n    <div class=\"meta\">2006 \u2022 <\/div>\n  <\/div>\n<\/div>\n<\/div>\n\n\n\n<div class=\"wp-block-column is-layout-flow wp-block-column-is-layout-flow\">\n<div class=\"hracka\">\n  <div class=\"cislo\">17<\/div>\n  <div class=\"info\">\n    <div class=\"jmeno\">Klos Ond\u0159ej<\/div>\n    <div class=\"meta\">2006 \u2022 nahr\u00e1va\u010d<\/div>\n  <\/div>\n<\/div>\n<\/div>\n\n\n\n<div class=\"wp-block-column is-layout-flow wp-block-column-is-layout-flow\">\n<div class=\"hracka\">\n  <div class=\"cislo\">12<\/div>\n  <div class=\"info\">\n    <div class=\"jmeno\">Kl\u0151sel Samuel<\/div>\n    <div class=\"meta\">2005 \u2022 <\/div>\n  <\/div>\n<\/div>\n<\/div>\n<\/div>\n\n\n\n<div class=\"wp-block-columns is-layout-flex wp-container-core-columns-is-layout-28f84493 wp-block-columns-is-layout-flex\">\n<div class=\"wp-block-column is-layout-flow wp-block-column-is-layout-flow\">\n<div class=\"hracka\">\n  <div class=\"cislo\">13<\/div>\n  <div class=\"info\">\n    <div class=\"jmeno\">Kolarz Jakub<\/div>\n    <div class=\"meta\">2009 \u2022 libero<\/div>\n  <\/div>\n<\/div>\n<\/div>\n\n\n\n<div class=\"wp-block-column is-layout-flow wp-block-column-is-layout-flow\">\n<div class=\"hracka\">\n  <div class=\"cislo\">2<\/div>\n  <div class=\"info\">\n    <div class=\"jmeno\">Kundr\u00e1tek Damian<\/div>\n    <div class=\"meta\">2007 \u2022 <\/div>\n  <\/div>\n<\/div>\n<\/div>\n\n\n\n<div class=\"wp-block-column is-layout-flow wp-block-column-is-layout-flow\">\n<div class=\"hracka\">\n  <div class=\"cislo\">1<\/div>\n  <div class=\"info\">\n    <div class=\"jmeno\">Manigati Anthony<\/div>\n    <div class=\"meta\">2007 \u2022 <\/div>\n  <\/div>\n<\/div>\n<\/div>\n<\/div>\n\n\n\n<div class=\"wp-block-columns is-layout-flex wp-container-core-columns-is-layout-28f84493 wp-block-columns-is-layout-flex\">\n<div class=\"wp-block-column is-layout-flow wp-block-column-is-layout-flow\">\n<div class=\"hracka\">\n  <div class=\"cislo\">6<\/div>\n  <div class=\"info\">\n    <div class=\"jmeno\">Miech Ond\u0159ej<\/div>\n    <div class=\"meta\">2009 \u2022 nahr\u00e1va\u010d<\/div>\n  <\/div>\n<\/div>\n<\/div>\n\n\n\n<div class=\"wp-block-column is-layout-flow wp-block-column-is-layout-flow\">\n<div class=\"hracka\">\n  <div class=\"cislo\">4<\/div>\n  <div class=\"info\">\n    <div class=\"jmeno\">Pla\u010dek Tom\u00e1\u0161<\/div>\n    <div class=\"meta\">2006 \u2022 <\/div>\n  <\/div>\n<\/div>\n<\/div>\n\n\n\n<div class=\"wp-block-column is-layout-flow wp-block-column-is-layout-flow\">\n<div class=\"hracka\">\n  <div class=\"cislo\">11<\/div>\n  <div class=\"info\">\n    <div class=\"jmeno\">Rezner Jan<\/div>\n    <div class=\"meta\">2006 \u2022 libero<\/div>\n  <\/div>\n<\/div>\n<\/div>\n<\/div>\n\n\n\n<div class=\"wp-block-columns is-layout-flex wp-container-core-columns-is-layout-28f84493 wp-block-columns-is-layout-flex\">\n<div class=\"wp-block-column is-layout-flow wp-block-column-is-layout-flow\">\n<div class=\"hracka\">\n  <div class=\"cislo\">19<\/div>\n  <div class=\"info\">\n    <div class=\"jmeno\">Vilkus Matyas<\/div>\n    <div class=\"meta\">2007 \u2022 <\/div>\n  <\/div>\n<\/div>\n<\/div>\n\n\n\n<div class=\"wp-block-column is-layout-flow wp-block-column-is-layout-flow\">\n<div class=\"hracka\">\n  <div class=\"cislo\">14<\/div>\n  <div class=\"info\">\n    <div class=\"jmeno\">Vl\u010dek Radim<\/div>\n    <div class=\"meta\">2005 \u2022 <\/div>\n  <\/div>\n<\/div>\n<\/div>\n\n\n\n<div class=\"wp-block-column is-layout-flow wp-block-column-is-layout-flow\"><\/div>\n<\/div>\n\n\n\n\n\n<p class=\"has-base-color has-text-color has-link-color wp-elements-b3b5c733a418da31bd1eaae27f5a13ce\">gg<\/p>\n\n\n\n<h2 class=\"wp-block-heading\">Realiza\u010dn\u00ed t\u00fdm<\/h2>\n\n\n\n<p class=\"has-primary-color has-text-color has-link-color wp-elements-f3aa102ead43cef0972f28ac58b0b613\"><strong>Groh Martin<\/strong><br>hlavn\u00ed tren\u00e9r<\/p>\n","protected":false},"excerpt":{"rendered":"<p>Soupiska hr\u00e1\u010d\u016f pro sez\u00f3nu 2025\/2026 7 Biskup Patrik 2009 \u2022 9 Harazim Petr 2008 \u2022 15 Hubert Luk\u00e1\u0161 2007 \u2022 8 Kajzar Vlastimil 2006 \u2022 17 Klos Ond\u0159ej 2006 \u2022 nahr\u00e1va\u010d 12 Kl\u0151sel Samuel 2005 \u2022 13 Kolarz Jakub 2009 \u2022 libero 2 Kundr\u00e1tek Damian 2007 \u2022 1 Manigati Anthony 2007 \u2022 6 Miech Ond\u0159ej [&hellip;]<\/p>\n","protected":false},"author":14,"featured_media":0,"parent":0,"menu_order":0,"comment_status":"closed","ping_status":"closed","template":"","meta":{"footnotes":""},"class_list":["post-726","page","type-page","status-publish","hentry"],"_links":{"self":[{"href":"https:\/\/volejbalhlucin.cz\/index.php?rest_route=\/wp\/v2\/pages\/726","targetHints":{"allow":["GET"]}}],"collection":[{"href":"https:\/\/volejbalhlucin.cz\/index.php?rest_route=\/wp\/v2\/pages"}],"about":[{"href":"https:\/\/volejbalhlucin.cz\/index.php?rest_route=\/wp\/v2\/types\/page"}],"author":[{"embeddable":true,"href":"https:\/\/volejbalhlucin.cz\/index.php?rest_route=\/wp\/v2\/users\/14"}],"replies":[{"embeddable":true,"href":"https:\/\/volejbalhlucin.cz\/index.php?rest_route=%2Fwp%2Fv2%2Fcomments&post=726"}],"version-history":[{"count":3,"href":"https:\/\/volejbalhlucin.cz\/index.php?rest_route=\/wp\/v2\/pages\/726\/revisions"}],"predecessor-version":[{"id":800,"href":"https:\/\/volejbalhlucin.cz\/index.php?rest_route=\/wp\/v2\/pages\/726\/revisions\/800"}],"wp:attachment":[{"href":"https:\/\/volejbalhlucin.cz\/index.php?rest_route=%2Fwp%2Fv2%2Fmedia&parent=726"}],"curies":[{"name":"wp","href":"https:\/\/api.w.org\/{rel}","templated":true}]}}