{"id":724,"date":"2026-03-18T16:24:15","date_gmt":"2026-03-18T15:24:15","guid":{"rendered":"https:\/\/volejbalhlucin.cz\/?page_id=724"},"modified":"2026-03-19T20:58:52","modified_gmt":"2026-03-19T19:58:52","slug":"u16","status":"publish","type":"page","link":"https:\/\/volejbalhlucin.cz\/?page_id=724","title":{"rendered":"U16"},"content":{"rendered":"\n<p>Soupiska hr\u00e1\u010d\u016f pro sez\u00f3nu 2025\/2026<\/p>\n\n\n\n<div class=\"wp-block-columns is-layout-flex wp-container-core-columns-is-layout-28f84493 wp-block-columns-is-layout-flex\">\n<div class=\"wp-block-column is-layout-flow wp-block-column-is-layout-flow\">\n<div class=\"hracka\">\n  <div class=\"cislo\">12<\/div>\n  <div class=\"info\">\n    <div class=\"jmeno\">Cibulec Radim<\/div>\n    <div class=\"meta\">2011 \u2022 <\/div>\n  <\/div>\n<\/div>\n<\/div>\n\n\n\n<div class=\"wp-block-column is-layout-flow wp-block-column-is-layout-flow\">\n<div class=\"hracka\">\n  <div class=\"cislo\">15<\/div>\n  <div class=\"info\">\n    <div class=\"jmeno\">Kr\u010dm\u00e1\u0159 Kry\u0161tof<\/div>\n    <div class=\"meta\">2012 \u2022 <\/div>\n  <\/div>\n<\/div>\n<\/div>\n\n\n\n<div class=\"wp-block-column is-layout-flow wp-block-column-is-layout-flow\">\n<div class=\"hracka\">\n  <div class=\"cislo\">5<\/div>\n  <div class=\"info\">\n    <div class=\"jmeno\">Matloch Dominik<\/div>\n    <div class=\"meta\">2011 \u2022 <\/div>\n  <\/div>\n<\/div>\n<\/div>\n<\/div>\n\n\n\n<div class=\"wp-block-columns is-layout-flex wp-container-core-columns-is-layout-28f84493 wp-block-columns-is-layout-flex\">\n<div class=\"wp-block-column is-layout-flow wp-block-column-is-layout-flow\">\n<div class=\"hracka\">\n  <div class=\"cislo\">7<\/div>\n  <div class=\"info\">\n    <div class=\"jmeno\">Matu\u0161ka Daniel<\/div>\n    <div class=\"meta\"> \u2022 <\/div>\n  <\/div>\n<\/div>\n\n\n\n<div class=\"wp-block-columns is-layout-flex wp-container-core-columns-is-layout-28f84493 wp-block-columns-is-layout-flex\">\n<div class=\"wp-block-column is-layout-flow wp-block-column-is-layout-flow\">\n<div class=\"hracka\">\n  <div class=\"cislo\">2<\/div>\n  <div class=\"info\">\n    <div class=\"jmeno\">Mrovec Sebastian<\/div>\n    <div class=\"meta\">2011 \u2022 <\/div>\n  <\/div>\n<\/div>\n<\/div>\n<\/div>\n\n\n\n<div class=\"wp-block-columns is-layout-flex wp-container-core-columns-is-layout-28f84493 wp-block-columns-is-layout-flex\">\n<div class=\"wp-block-column is-layout-flow wp-block-column-is-layout-flow\">\n<div class=\"hracka\">\n  <div class=\"cislo\">8<\/div>\n  <div class=\"info\">\n    <div class=\"jmeno\">Skubida Vojt\u011bch<\/div>\n    <div class=\"meta\">2011 \u2022 <\/div>\n  <\/div>\n<\/div>\n<\/div>\n<\/div>\n\n\n\n<div class=\"hracka\">\n  <div class=\"cislo\">6<\/div>\n  <div class=\"info\">\n    <div class=\"jmeno\">Vinkl\u00e1rek Anton\u00edn<\/div>\n    <div class=\"meta\">2012 \u2022 <\/div>\n  <\/div>\n<\/div>\n<\/div>\n\n\n\n<div class=\"wp-block-column is-layout-flow wp-block-column-is-layout-flow\">\n<div class=\"hracka\">\n  <div class=\"cislo\">22<\/div>\n  <div class=\"info\">\n    <div class=\"jmeno\">M\u011bk\u00fd\u0161 Jan<\/div>\n    <div class=\"meta\">2011 \u2022 <\/div>\n  <\/div>\n<\/div>\n\n\n\n<div class=\"wp-block-columns is-layout-flex wp-container-core-columns-is-layout-28f84493 wp-block-columns-is-layout-flex\">\n<div class=\"wp-block-column is-layout-flow wp-block-column-is-layout-flow\">\n<div class=\"hracka\">\n  <div class=\"cislo\">1<\/div>\n  <div class=\"info\">\n    <div class=\"jmeno\">Osman\u010d\u00edk Ond\u0159ej<\/div>\n    <div class=\"meta\">2005 \u2022 <\/div>\n  <\/div>\n<\/div>\n<\/div>\n<\/div>\n\n\n\n<div class=\"hracka\">\n  <div class=\"cislo\">11<\/div>\n  <div class=\"info\">\n    <div class=\"jmeno\">Sl\u00e1de\u010dek \u0160t\u011bp\u00e1n<\/div>\n    <div class=\"meta\">2011 \u2022 <\/div>\n  <\/div>\n<\/div>\n<\/div>\n\n\n\n<div class=\"wp-block-column is-layout-flow wp-block-column-is-layout-flow\">\n<div class=\"hracka\">\n  <div class=\"cislo\">10<\/div>\n  <div class=\"info\">\n    <div class=\"jmeno\">Motrynets Jurij<\/div>\n    <div class=\"meta\">2011 \u2022 <\/div>\n  <\/div>\n<\/div>\n\n\n\n<div class=\"wp-block-columns is-layout-flex wp-container-core-columns-is-layout-28f84493 wp-block-columns-is-layout-flex\">\n<div class=\"wp-block-column is-layout-flow wp-block-column-is-layout-flow\">\n<div class=\"hracka\">\n  <div class=\"cislo\">14<\/div>\n  <div class=\"info\">\n    <div class=\"jmeno\">\u0158\u00edha Lubom\u00edr Eddie<\/div>\n    <div class=\"meta\">2013 \u2022 <\/div>\n  <\/div>\n<\/div>\n\n\n\n<div class=\"wp-block-columns is-layout-flex wp-container-core-columns-is-layout-28f84493 wp-block-columns-is-layout-flex\">\n<div class=\"wp-block-column is-layout-flow wp-block-column-is-layout-flow\">\n<div class=\"hracka\">\n  <div class=\"cislo\">9<\/div>\n  <div class=\"info\">\n    <div class=\"jmeno\">Soukal Oliver<\/div>\n    <div class=\"meta\">2011 \u2022 <\/div>\n  <\/div>\n<\/div>\n\n\n\n<div class=\"wp-block-columns is-layout-flex wp-container-core-columns-is-layout-28f84493 wp-block-columns-is-layout-flex\">\n<div class=\"wp-block-column is-layout-flow wp-block-column-is-layout-flow\"><\/div>\n<\/div>\n<\/div>\n<\/div>\n<\/div>\n<\/div>\n<\/div>\n<\/div>\n\n\n\n\n\n<p class=\"has-base-color has-text-color has-link-color wp-elements-b3b5c733a418da31bd1eaae27f5a13ce\">gg<\/p>\n\n\n\n<h2 class=\"wp-block-heading\">Realiza\u010dn\u00ed t\u00fdm<\/h2>\n\n\n\n<div class=\"wp-block-columns is-layout-flex wp-container-core-columns-is-layout-28f84493 wp-block-columns-is-layout-flex\">\n<div class=\"wp-block-column is-layout-flow wp-block-column-is-layout-flow\">\n<p class=\"has-primary-color has-text-color has-link-color wp-elements-5f2570db9d8b22ef17905891b14dba62\"><strong>Ka\u010dm\u00e1\u0159 David<\/strong><br>hlavn\u00ed tren\u00e9r<\/p>\n<\/div>\n\n\n\n<div class=\"wp-block-column is-layout-flow wp-block-column-is-layout-flow\">\n<p class=\"has-primary-color has-text-color has-link-color wp-elements-eb12127045b7d84927a07a5f467daf2e\"><strong>\u0160imonek Ji\u0159\u00ed<\/strong><br>asistent tren\u00e9ra<\/p>\n<\/div>\n<\/div>\n","protected":false},"excerpt":{"rendered":"<p>Soupiska hr\u00e1\u010d\u016f pro sez\u00f3nu 2025\/2026 12 Cibulec Radim 2011 \u2022 15 Kr\u010dm\u00e1\u0159 Kry\u0161tof 2012 \u2022 5 Matloch Dominik 2011 \u2022 7 Matu\u0161ka Daniel \u2022 2 Mrovec Sebastian 2011 \u2022 8 Skubida Vojt\u011bch 2011 \u2022 6 Vinkl\u00e1rek Anton\u00edn 2012 \u2022 22 M\u011bk\u00fd\u0161 Jan 2011 \u2022 1 Osman\u010d\u00edk Ond\u0159ej 2005 \u2022 11 Sl\u00e1de\u010dek \u0160t\u011bp\u00e1n 2011 \u2022 10 [&hellip;]<\/p>\n","protected":false},"author":14,"featured_media":0,"parent":0,"menu_order":0,"comment_status":"closed","ping_status":"closed","template":"","meta":{"footnotes":""},"class_list":["post-724","page","type-page","status-publish","hentry"],"_links":{"self":[{"href":"https:\/\/volejbalhlucin.cz\/index.php?rest_route=\/wp\/v2\/pages\/724","targetHints":{"allow":["GET"]}}],"collection":[{"href":"https:\/\/volejbalhlucin.cz\/index.php?rest_route=\/wp\/v2\/pages"}],"about":[{"href":"https:\/\/volejbalhlucin.cz\/index.php?rest_route=\/wp\/v2\/types\/page"}],"author":[{"embeddable":true,"href":"https:\/\/volejbalhlucin.cz\/index.php?rest_route=\/wp\/v2\/users\/14"}],"replies":[{"embeddable":true,"href":"https:\/\/volejbalhlucin.cz\/index.php?rest_route=%2Fwp%2Fv2%2Fcomments&post=724"}],"version-history":[{"count":4,"href":"https:\/\/volejbalhlucin.cz\/index.php?rest_route=\/wp\/v2\/pages\/724\/revisions"}],"predecessor-version":[{"id":811,"href":"https:\/\/volejbalhlucin.cz\/index.php?rest_route=\/wp\/v2\/pages\/724\/revisions\/811"}],"wp:attachment":[{"href":"https:\/\/volejbalhlucin.cz\/index.php?rest_route=%2Fwp%2Fv2%2Fmedia&parent=724"}],"curies":[{"name":"wp","href":"https:\/\/api.w.org\/{rel}","templated":true}]}}