{"id":681,"date":"2026-03-17T23:11:57","date_gmt":"2026-03-17T22:11:57","guid":{"rendered":"https:\/\/volejbalhlucin.cz\/?page_id=681"},"modified":"2026-03-17T23:14:50","modified_gmt":"2026-03-17T22:14:50","slug":"prihlaska","status":"publish","type":"page","link":"https:\/\/volejbalhlucin.cz\/?page_id=681","title":{"rendered":"P\u0159ihl\u00e1\u0161ka"},"content":{"rendered":"\n<div style=\"opacity: 0;\" superb-addons-animation=\"slideInUp\" class=\"wp-block-file\"><a id=\"wp-block-file--media-b92bca68-d601-443e-bb27-541c5aa54893\" href=\"https:\/\/volejbalhlucin.cz\/wp-content\/uploads\/2024\/05\/volejbalhlucin.cz_.pdf\" target=\"_blank\" rel=\"noreferrer noopener\">P\u0159ihl\u00e1\u0161ka &#8211; TJ Hlu\u010d\u00edn<\/a><a href=\"https:\/\/volejbalhlucin.cz\/wp-content\/uploads\/2024\/05\/volejbalhlucin.cz_.pdf\" class=\"wp-block-file__button wp-element-button\" download aria-describedby=\"wp-block-file--media-b92bca68-d601-443e-bb27-541c5aa54893\">St\u00e1hnout<\/a><\/div>\n","protected":false},"excerpt":{"rendered":"","protected":false},"author":14,"featured_media":0,"parent":0,"menu_order":0,"comment_status":"closed","ping_status":"closed","template":"","meta":{"footnotes":""},"class_list":["post-681","page","type-page","status-publish","hentry"],"_links":{"self":[{"href":"https:\/\/volejbalhlucin.cz\/index.php?rest_route=\/wp\/v2\/pages\/681","targetHints":{"allow":["GET"]}}],"collection":[{"href":"https:\/\/volejbalhlucin.cz\/index.php?rest_route=\/wp\/v2\/pages"}],"about":[{"href":"https:\/\/volejbalhlucin.cz\/index.php?rest_route=\/wp\/v2\/types\/page"}],"author":[{"embeddable":true,"href":"https:\/\/volejbalhlucin.cz\/index.php?rest_route=\/wp\/v2\/users\/14"}],"replies":[{"embeddable":true,"href":"https:\/\/volejbalhlucin.cz\/index.php?rest_route=%2Fwp%2Fv2%2Fcomments&post=681"}],"version-history":[{"count":3,"href":"https:\/\/volejbalhlucin.cz\/index.php?rest_route=\/wp\/v2\/pages\/681\/revisions"}],"predecessor-version":[{"id":686,"href":"https:\/\/volejbalhlucin.cz\/index.php?rest_route=\/wp\/v2\/pages\/681\/revisions\/686"}],"wp:attachment":[{"href":"https:\/\/volejbalhlucin.cz\/index.php?rest_route=%2Fwp%2Fv2%2Fmedia&parent=681"}],"curies":[{"name":"wp","href":"https:\/\/api.w.org\/{rel}","templated":true}]}}