{"id":609,"date":"2026-03-17T11:28:11","date_gmt":"2026-03-17T10:28:11","guid":{"rendered":"https:\/\/volejbalhlucin.cz\/?page_id=609"},"modified":"2026-03-19T20:07:53","modified_gmt":"2026-03-19T19:07:53","slug":"muzi","status":"publish","type":"page","link":"https:\/\/volejbalhlucin.cz\/?page_id=609","title":{"rendered":"Mu\u017ei"},"content":{"rendered":"\n<p>Soupiska hr\u00e1\u010d\u016f pro sez\u00f3nu 2025\/2026<\/p>\n\n\n\n<div style=\"opacity: 0;\" superb-addons-animation=\"slideInUp\" class=\"wp-block-columns has-primary-color has-text-color has-link-color wp-elements-06d550f67ec375f41cf52142b9510493 is-layout-flex wp-container-core-columns-is-layout-28f84493 wp-block-columns-is-layout-flex\">\n<div class=\"wp-block-column is-layout-flow wp-block-column-is-layout-flow\">\n<div class=\"hracka\">\n  <div class=\"cislo\">4<\/div>\n  <div class=\"info\">\n    <div class=\"jmeno\">B\u00e1lek Mat\u011bj<\/div>\n    <div class=\"meta\">1994 \u2022 <\/div>\n  <\/div>\n<\/div>\n<\/div>\n\n\n\n<div class=\"wp-block-column is-layout-flow wp-block-column-is-layout-flow\">\n<div class=\"hracka\">\n  <div class=\"cislo\">11<\/div>\n  <div class=\"info\">\n    <div class=\"jmeno\">Cig\u00e1n Jan<\/div>\n    <div class=\"meta\">2002 \u2022 <\/div>\n  <\/div>\n<\/div>\n<\/div>\n\n\n\n<div class=\"wp-block-column is-layout-flow wp-block-column-is-layout-flow\">\n<div class=\"hracka\">\n  <div class=\"cislo\">10<\/div>\n  <div class=\"info\">\n    <div class=\"jmeno\">D\u011bdoch Luk\u00e1\u0161<\/div>\n    <div class=\"meta\">1981 \u2022 bloka\u0159<\/div>\n  <\/div>\n<\/div>\n<\/div>\n<\/div>\n\n\n\n<div style=\"opacity: 0;\" superb-addons-animation=\"slideInUp\" class=\"wp-block-columns has-primary-color has-text-color has-link-color wp-elements-b681168a4fc25f7ca940368546b0f16e is-layout-flex wp-container-core-columns-is-layout-28f84493 wp-block-columns-is-layout-flex\">\n<div class=\"wp-block-column is-layout-flow wp-block-column-is-layout-flow\">\n<div class=\"hracka\">\n  <div class=\"cislo\">8<\/div>\n  <div class=\"info\">\n    <div class=\"jmeno\">Do\u010dekal Franti\u0161ek<\/div>\n    <div class=\"meta\">2003 \u2022 <\/div>\n  <\/div>\n<\/div>\n<\/div>\n\n\n\n<div class=\"wp-block-column is-layout-flow wp-block-column-is-layout-flow\">\n<div class=\"hracka\">\n  <div class=\"cislo\">12<\/div>\n  <div class=\"info\">\n    <div class=\"jmeno\">Groh Martin<\/div>\n    <div class=\"meta\">1998 \u2022 bloka\u0159<\/div>\n  <\/div>\n<\/div>\n<\/div>\n\n\n\n<div class=\"wp-block-column is-layout-flow wp-block-column-is-layout-flow\">\n<div class=\"hracka\">\n  <div class=\"cislo\">9<\/div>\n  <div class=\"info\">\n    <div class=\"jmeno\">Harazim Petr<\/div>\n    <div class=\"meta\">2008 \u2022 <\/div>\n  <\/div>\n<\/div>\n<\/div>\n<\/div>\n\n\n\n<div style=\"opacity: 0;\" superb-addons-animation=\"slideInUp\" class=\"wp-block-columns has-primary-color has-text-color has-link-color wp-elements-73ad7db4c443af3fe3e88900aaed66be is-layout-flex wp-container-core-columns-is-layout-28f84493 wp-block-columns-is-layout-flex\">\n<div class=\"wp-block-column is-layout-flow wp-block-column-is-layout-flow\">\n<div class=\"hracka\">\n  <div class=\"cislo\">3<\/div>\n  <div class=\"info\">\n    <div class=\"jmeno\">Hladi\u0161 Filip<\/div>\n    <div class=\"meta\">1983 \u2022 sme\u010da\u0159<\/div>\n  <\/div>\n<\/div>\n<\/div>\n\n\n\n<div class=\"wp-block-column is-layout-flow wp-block-column-is-layout-flow\">\n<div class=\"hracka\">\n  <div class=\"cislo\">20<\/div>\n  <div class=\"info\">\n    <div class=\"jmeno\">K\u00e1\u0148a Michal<\/div>\n    <div class=\"meta\">2003 \u2022 <\/div>\n  <\/div>\n<\/div>\n<\/div>\n\n\n\n<div class=\"wp-block-column is-layout-flow wp-block-column-is-layout-flow\">\n<div class=\"hracka\">\n  <div class=\"cislo\">14<\/div>\n  <div class=\"info\">\n    <div class=\"jmeno\">Kavala V\u00e1clav <span class=\"hostovani\">(host)<\/span><\/div>\n    <div class=\"meta\">2002 \u2022 nahr\u00e1va\u010d<\/div>\n  <\/div>\n<\/div>\n<\/div>\n<\/div>\n\n\n\n<div style=\"opacity: 0;\" superb-addons-animation=\"slideInUp\" class=\"wp-block-columns has-primary-color has-text-color has-link-color wp-elements-13fd33deffb31be9e3fcfb6520cc6f1a is-layout-flex wp-container-core-columns-is-layout-28f84493 wp-block-columns-is-layout-flex\">\n<div class=\"wp-block-column is-layout-flow wp-block-column-is-layout-flow\">\n<div class=\"hracka\">\n  <div class=\"cislo\">5<\/div>\n  <div class=\"info\">\n    <div class=\"jmeno\">Kl\u0151sel Samuel<\/div>\n    <div class=\"meta\">2005 \u2022 <\/div>\n  <\/div>\n<\/div>\n<\/div>\n\n\n\n<div class=\"wp-block-column is-layout-flow wp-block-column-is-layout-flow\">\n<div class=\"hracka\">\n  <div class=\"cislo\">13<\/div>\n  <div class=\"info\">\n    <div class=\"jmeno\">Machura Miroslav<\/div>\n    <div class=\"meta\">1994 \u2022 <\/div>\n  <\/div>\n<\/div>\n<\/div>\n\n\n\n<div class=\"wp-block-column is-layout-flow wp-block-column-is-layout-flow\">\n<div class=\"hracka\">\n  <div class=\"cislo\">16<\/div>\n  <div class=\"info\">\n    <div class=\"jmeno\">Ost\u00e1rek \u0160t\u011bp\u00e1n<\/div>\n    <div class=\"meta\">1997 \u2022 <\/div>\n  <\/div>\n<\/div>\n<\/div>\n<\/div>\n\n\n\n<div style=\"opacity: 0;\" superb-addons-animation=\"slideInUp\" class=\"wp-block-columns has-primary-color has-text-color has-link-color wp-elements-27dd03dd50cafa50ac0036192ab6cdf4 is-layout-flex wp-container-core-columns-is-layout-28f84493 wp-block-columns-is-layout-flex\">\n<div class=\"wp-block-column is-layout-flow wp-block-column-is-layout-flow\">\n<div class=\"hracka\">\n  <div class=\"cislo\">15<\/div>\n  <div class=\"info\">\n    <div class=\"jmeno\">Piskalla Daniel<\/div>\n    <div class=\"meta\">2004 \u2022 <\/div>\n  <\/div>\n<\/div>\n<\/div>\n\n\n\n<div class=\"wp-block-column is-layout-flow wp-block-column-is-layout-flow\">\n<div class=\"hracka\">\n  <div class=\"cislo\">1<\/div>\n  <div class=\"info\">\n    <div class=\"jmeno\">Vl\u010dek Radim<\/div>\n    <div class=\"meta\">2005 \u2022 libero<\/div>\n  <\/div>\n<\/div>\n<\/div>\n\n\n\n<div class=\"wp-block-column is-layout-flow wp-block-column-is-layout-flow\"><\/div>\n<\/div>\n\n\n\n\n\n<p class=\"has-base-color has-text-color has-link-color wp-elements-08ae54e333fbc319f3e50df8794a07e9\">GGG<\/p>\n\n\n\n<h2 class=\"wp-block-heading\">Realiza\u010dn\u00ed t\u00fdm<\/h2>\n\n\n\n<p><\/p>\n","protected":false},"excerpt":{"rendered":"<p>Soupiska hr\u00e1\u010d\u016f pro sez\u00f3nu 2025\/2026 4 B\u00e1lek Mat\u011bj 1994 \u2022 11 Cig\u00e1n Jan 2002 \u2022 10 D\u011bdoch Luk\u00e1\u0161 1981 \u2022 bloka\u0159 8 Do\u010dekal Franti\u0161ek 2003 \u2022 12 Groh Martin 1998 \u2022 bloka\u0159 9 Harazim Petr 2008 \u2022 3 Hladi\u0161 Filip 1983 \u2022 sme\u010da\u0159 20 K\u00e1\u0148a Michal 2003 \u2022 14 Kavala V\u00e1clav (host) 2002 \u2022 nahr\u00e1va\u010d [&hellip;]<\/p>\n","protected":false},"author":14,"featured_media":0,"parent":0,"menu_order":0,"comment_status":"closed","ping_status":"closed","template":"","meta":{"footnotes":""},"class_list":["post-609","page","type-page","status-publish","hentry"],"_links":{"self":[{"href":"https:\/\/volejbalhlucin.cz\/index.php?rest_route=\/wp\/v2\/pages\/609","targetHints":{"allow":["GET"]}}],"collection":[{"href":"https:\/\/volejbalhlucin.cz\/index.php?rest_route=\/wp\/v2\/pages"}],"about":[{"href":"https:\/\/volejbalhlucin.cz\/index.php?rest_route=\/wp\/v2\/types\/page"}],"author":[{"embeddable":true,"href":"https:\/\/volejbalhlucin.cz\/index.php?rest_route=\/wp\/v2\/users\/14"}],"replies":[{"embeddable":true,"href":"https:\/\/volejbalhlucin.cz\/index.php?rest_route=%2Fwp%2Fv2%2Fcomments&post=609"}],"version-history":[{"count":6,"href":"https:\/\/volejbalhlucin.cz\/index.php?rest_route=\/wp\/v2\/pages\/609\/revisions"}],"predecessor-version":[{"id":798,"href":"https:\/\/volejbalhlucin.cz\/index.php?rest_route=\/wp\/v2\/pages\/609\/revisions\/798"}],"wp:attachment":[{"href":"https:\/\/volejbalhlucin.cz\/index.php?rest_route=%2Fwp%2Fv2%2Fmedia&parent=609"}],"curies":[{"name":"wp","href":"https:\/\/api.w.org\/{rel}","templated":true}]}}