{"id":607,"date":"2026-03-17T11:26:29","date_gmt":"2026-03-17T10:26:29","guid":{"rendered":"https:\/\/volejbalhlucin.cz\/?page_id=607"},"modified":"2026-03-19T19:59:35","modified_gmt":"2026-03-19T18:59:35","slug":"zeny-b","status":"publish","type":"page","link":"https:\/\/volejbalhlucin.cz\/?page_id=607","title":{"rendered":"\u017deny &#8222;B&#8220;"},"content":{"rendered":"\n<p>Soupiska hr\u00e1\u010dek pro sez\u00f3nu 2025\/2026<\/p>\n\n\n\n<div style=\"opacity: 0;\" superb-addons-animation=\"slideInUp\" class=\"wp-block-columns has-primary-color has-text-color has-link-color has-alegreya-font-family has-superbfont-medium-font-size wp-elements-18b7cd340e976f577470773b04a919fe is-layout-flex wp-container-core-columns-is-layout-28f84493 wp-block-columns-is-layout-flex\">\n<div class=\"wp-block-column is-layout-flow wp-block-column-is-layout-flow\">\n<div class=\"hracka\">\n  <div class=\"cislo\">16<\/div>\n  <div class=\"info\">\n    <div class=\"jmeno\">Burkovi\u010dov\u00e1 Hana<\/div>\n    <div class=\"meta\">1981 \u2022 <\/div>\n  <\/div>\n<\/div>\n<\/div>\n\n\n\n<div class=\"wp-block-column is-layout-flow wp-block-column-is-layout-flow\">\n<div class=\"hracka\">\n  <div class=\"cislo\">14<\/div>\n  <div class=\"info\">\n    <div class=\"jmeno\">\u010cech\u00e1\u010dkov\u00e1 Lucie<\/div>\n    <div class=\"meta\">2005 \u2022 nahr\u00e1va\u010dka<\/div>\n  <\/div>\n<\/div>\n<\/div>\n\n\n\n<div class=\"wp-block-column is-layout-flow wp-block-column-is-layout-flow\">\n<div class=\"hracka\">\n  <div class=\"cislo\">5<\/div>\n  <div class=\"info\">\n    <div class=\"jmeno\">Grohov\u00e1 Jana<\/div>\n    <div class=\"meta\">1975 \u2022 libero, nahr\u00e1va\u010dka<\/div>\n  <\/div>\n<\/div>\n<\/div>\n<\/div>\n\n\n\n<div style=\"opacity: 0;\" superb-addons-animation=\"slideInUp\" class=\"wp-block-columns has-primary-color has-text-color has-link-color has-alegreya-font-family has-superbfont-medium-font-size wp-elements-4ec4ffe34f7837e74b94107e3438fbf1 is-layout-flex wp-container-core-columns-is-layout-28f84493 wp-block-columns-is-layout-flex\">\n<div class=\"wp-block-column is-layout-flow wp-block-column-is-layout-flow\">\n<div class=\"hracka\">\n  <div class=\"cislo\">9<\/div>\n  <div class=\"info\">\n    <div class=\"jmeno\">Haraz\u00edmov\u00e1 Lenka<\/div>\n    <div class=\"meta\">1985 \u2022 sme\u010da\u0159ka<\/div>\n  <\/div>\n<\/div>\n<\/div>\n\n\n\n<div class=\"wp-block-column is-layout-flow wp-block-column-is-layout-flow\">\n<div class=\"hracka\">\n  <div class=\"cislo\">13<\/div>\n  <div class=\"info\">\n    <div class=\"jmeno\">Jan\u00fd\u0161kov\u00e1 Veronika<\/div>\n    <div class=\"meta\">2005 \u2022 bloka\u0159ka<\/div>\n  <\/div>\n<\/div>\n<\/div>\n\n\n\n<div class=\"wp-block-column is-layout-flow wp-block-column-is-layout-flow\">\n<div class=\"hracka\">\n  <div class=\"cislo\">6<\/div>\n  <div class=\"info\">\n    <div class=\"jmeno\">Krupov\u00e1 Vendula <span class=\"hostovani\">(host)<\/span><\/div>\n    <div class=\"meta\">2007 \u2022 <\/div>\n  <\/div>\n<\/div>\n<\/div>\n<\/div>\n\n\n\n<div style=\"opacity: 0;\" superb-addons-animation=\"slideInUp\" class=\"wp-block-columns has-primary-color has-text-color has-link-color has-alegreya-font-family has-superbfont-medium-font-size wp-elements-7d15c153beae1d380f1261740c3944bf is-layout-flex wp-container-core-columns-is-layout-28f84493 wp-block-columns-is-layout-flex\">\n<div class=\"wp-block-column is-layout-flow wp-block-column-is-layout-flow\">\n<div class=\"hracka\">\n  <div class=\"cislo\">8<\/div>\n  <div class=\"info\">\n    <div class=\"jmeno\">Kulh\u00e1nkov\u00e1 Lenka<\/div>\n    <div class=\"meta\">1974 \u2022 bloka\u0159ka<\/div>\n  <\/div>\n<\/div>\n<\/div>\n\n\n\n<div class=\"wp-block-column is-layout-flow wp-block-column-is-layout-flow\">\n<div class=\"hracka\">\n  <div class=\"cislo\">19<\/div>\n  <div class=\"info\">\n    <div class=\"jmeno\">Miketov\u00e1 Michaela<\/div>\n    <div class=\"meta\">1991 \u2022 nahr\u00e1va\u010dka<\/div>\n  <\/div>\n<\/div>\n<\/div>\n\n\n\n<div class=\"wp-block-column is-layout-flow wp-block-column-is-layout-flow\">\n<div class=\"hracka\">\n  <div class=\"cislo\">10<\/div>\n  <div class=\"info\">\n    <div class=\"jmeno\">P\u00e1sztorov\u00e1 Pavl\u00edna<\/div>\n    <div class=\"meta\">1988 \u2022 univerz\u00e1lka<\/div>\n  <\/div>\n<\/div>\n<\/div>\n<\/div>\n\n\n\n<div style=\"opacity: 0;\" superb-addons-animation=\"slideInUp\" class=\"wp-block-columns has-primary-color has-text-color has-link-color has-alegreya-font-family has-superbfont-medium-font-size wp-elements-521ceb1b41e62eea832a4a1bc1bd2663 is-layout-flex wp-container-core-columns-is-layout-28f84493 wp-block-columns-is-layout-flex\">\n<div class=\"wp-block-column is-layout-flow wp-block-column-is-layout-flow\">\n<div class=\"hracka\">\n  <div class=\"cislo\">11<\/div>\n  <div class=\"info\">\n    <div class=\"jmeno\">Sojkov\u00e1 Kamila<\/div>\n    <div class=\"meta\">2003 \u2022 sme\u010da\u0159ka<\/div>\n  <\/div>\n<\/div>\n<\/div>\n\n\n\n<div class=\"wp-block-column is-layout-flow wp-block-column-is-layout-flow\">\n<div class=\"hracka\">\n  <div class=\"cislo\">17<\/div>\n  <div class=\"info\">\n    <div class=\"jmeno\">Uv\u00edrov\u00e1 Tereza<\/div>\n    <div class=\"meta\">2004 \u2022 univerz\u00e1lka<\/div>\n  <\/div>\n<\/div>\n<\/div>\n\n\n\n<div class=\"wp-block-column is-layout-flow wp-block-column-is-layout-flow\">\n<div class=\"hracka\">\n  <div class=\"cislo\">15<\/div>\n  <div class=\"info\">\n    <div class=\"jmeno\">Gajdov\u00e1 Gabriela<\/div>\n    <div class=\"meta\">1975 \u2022 nahr\u00e1va\u010dka<\/div>\n  <\/div>\n<\/div>\n<\/div>\n<\/div>\n\n\n\n<div class=\"wp-block-columns has-primary-color has-text-color has-link-color has-alegreya-font-family has-superbfont-medium-font-size wp-elements-8f4363f7a00089312938f83b7361fd83 is-layout-flex wp-container-core-columns-is-layout-28f84493 wp-block-columns-is-layout-flex\">\n<div class=\"wp-block-column is-layout-flow wp-block-column-is-layout-flow\">\n<div class=\"hracka\">\n  <div class=\"cislo\">18<\/div>\n  <div class=\"info\">\n    <div class=\"jmeno\">Vesel\u00e1 Anna<\/div>\n    <div class=\"meta\">1998 \u2022 libero<\/div>\n  <\/div>\n<\/div>\n<\/div>\n\n\n\n<div class=\"wp-block-column is-layout-flow wp-block-column-is-layout-flow\"><\/div>\n\n\n\n<div class=\"wp-block-column is-layout-flow wp-block-column-is-layout-flow\"><\/div>\n<\/div>\n\n\n\n\n\n<p class=\"has-contrast-light-color has-text-color has-link-color wp-elements-e69dc7834198a6c98ba660df039c7594\">xxxxxxx<\/p>\n\n\n\n<h2 class=\"wp-block-heading has-alegreya-font-family\">Realiza\u010dn\u00ed t\u00fdm<\/h2>\n\n\n\n<p class=\"has-primary-color has-text-color has-link-color has-alegreya-font-family wp-elements-526a2368e0bcb3daa769f186b4169966\"><strong>Mot\u00fas David<\/strong><br>hlavn\u00ed tren\u00e9r<\/p>\n","protected":false},"excerpt":{"rendered":"<p>Soupiska hr\u00e1\u010dek pro sez\u00f3nu 2025\/2026 16 Burkovi\u010dov\u00e1 Hana 1981 \u2022 14 \u010cech\u00e1\u010dkov\u00e1 Lucie 2005 \u2022 nahr\u00e1va\u010dka 5 Grohov\u00e1 Jana 1975 \u2022 libero, nahr\u00e1va\u010dka 9 Haraz\u00edmov\u00e1 Lenka 1985 \u2022 sme\u010da\u0159ka 13 Jan\u00fd\u0161kov\u00e1 Veronika 2005 \u2022 bloka\u0159ka 6 Krupov\u00e1 Vendula (host) 2007 \u2022 8 Kulh\u00e1nkov\u00e1 Lenka 1974 \u2022 bloka\u0159ka 19 Miketov\u00e1 Michaela 1991 \u2022 nahr\u00e1va\u010dka 10 P\u00e1sztorov\u00e1 [&hellip;]<\/p>\n","protected":false},"author":14,"featured_media":0,"parent":0,"menu_order":0,"comment_status":"closed","ping_status":"closed","template":"","meta":{"footnotes":""},"class_list":["post-607","page","type-page","status-publish","hentry"],"_links":{"self":[{"href":"https:\/\/volejbalhlucin.cz\/index.php?rest_route=\/wp\/v2\/pages\/607","targetHints":{"allow":["GET"]}}],"collection":[{"href":"https:\/\/volejbalhlucin.cz\/index.php?rest_route=\/wp\/v2\/pages"}],"about":[{"href":"https:\/\/volejbalhlucin.cz\/index.php?rest_route=\/wp\/v2\/types\/page"}],"author":[{"embeddable":true,"href":"https:\/\/volejbalhlucin.cz\/index.php?rest_route=\/wp\/v2\/users\/14"}],"replies":[{"embeddable":true,"href":"https:\/\/volejbalhlucin.cz\/index.php?rest_route=%2Fwp%2Fv2%2Fcomments&post=607"}],"version-history":[{"count":14,"href":"https:\/\/volejbalhlucin.cz\/index.php?rest_route=\/wp\/v2\/pages\/607\/revisions"}],"predecessor-version":[{"id":796,"href":"https:\/\/volejbalhlucin.cz\/index.php?rest_route=\/wp\/v2\/pages\/607\/revisions\/796"}],"wp:attachment":[{"href":"https:\/\/volejbalhlucin.cz\/index.php?rest_route=%2Fwp%2Fv2%2Fmedia&parent=607"}],"curies":[{"name":"wp","href":"https:\/\/api.w.org\/{rel}","templated":true}]}}