{"id":605,"date":"2026-03-17T11:25:28","date_gmt":"2026-03-17T10:25:28","guid":{"rendered":"https:\/\/volejbalhlucin.cz\/?page_id=605"},"modified":"2026-03-19T19:39:46","modified_gmt":"2026-03-19T18:39:46","slug":"zeny-a","status":"publish","type":"page","link":"https:\/\/volejbalhlucin.cz\/?page_id=605","title":{"rendered":"\u017deny &#8222;A&#8220;"},"content":{"rendered":"\n<div class=\"wp-block-columns is-layout-flex wp-container-core-columns-is-layout-28f84493 wp-block-columns-is-layout-flex\">\n<div class=\"wp-block-column is-layout-flow wp-block-column-is-layout-flow\">\n<div class=\"wp-block-columns is-layout-flex wp-container-core-columns-is-layout-28f84493 wp-block-columns-is-layout-flex\">\n<div class=\"wp-block-column is-layout-flow wp-block-column-is-layout-flow\">\n<p style=\"opacity: 0;\" superb-addons-animation=\"slideInUp\" class=\"has-mono-2-color has-text-color has-link-color has-alegreya-font-family wp-elements-0f1471cd2394d7db7a491316129d5b28\">Soupiska hr\u00e1\u010dek pro sez\u00f3nu 2025\/2026<\/p>\n<\/div>\n<\/div>\n<\/div>\n<\/div>\n\n\n\n<div class=\"wp-block-columns has-primary-color has-text-color has-link-color wp-elements-f13e9be8763147dc7361d540e4681dea is-layout-flex wp-container-core-columns-is-layout-28f84493 wp-block-columns-is-layout-flex\">\n<div class=\"wp-block-column is-layout-flow wp-block-column-is-layout-flow\">\n<div class=\"hracka\">\n  <div class=\"cislo\">11<\/div>\n  <div class=\"info\">\n    <div class=\"jmeno\">Barv\u00edkov\u00e1 Al\u017eb\u011bta<\/div>\n   <div class=\"meta\">2003 \u2022 bloka\u0159ka<\/div>\n  <\/div>\n<\/div>\n<\/div>\n\n\n\n<div class=\"wp-block-column .cislo {font-size: 22px; font-weight: bold; margin-right: 6px;} is-layout-flow wp-block-column-is-layout-flow\">\n<div class=\"hracka\">\n  <div class=\"cislo\">7<\/div>\n  <div class=\"info\">\n    <div class=\"jmeno\">Grenov\u00e1 Katrin<\/div>\n    <div class=\"meta\">1998 \u2022 sme\u010da\u0159ka, univerz\u00e1lka<\/div>\n  <\/div>\n<\/div>\n<\/div>\n\n\n\n<div class=\"wp-block-column is-layout-flow wp-block-column-is-layout-flow\">\n<div class=\"hracka\">\n  <div class=\"cislo\">10<\/div>\n  <div class=\"info\">\n    <div class=\"jmeno\">Hanske Anna Viktorie<\/div>\n   <div class=\"meta\">2008 \u2022 bloka\u0159ka<\/div>\n  <\/div>\n<\/div>\n<\/div>\n<\/div>\n\n\n\n<div class=\"wp-block-columns has-primary-color has-text-color has-link-color has-alegreya-font-family has-superbfont-medium-font-size wp-elements-c9ba668a2d1be94c6c7098385fb48485 is-layout-flex wp-container-core-columns-is-layout-28f84493 wp-block-columns-is-layout-flex\">\n<div class=\"wp-block-column is-layout-flow wp-block-column-is-layout-flow\">\n<div class=\"hracka\">\n  <div class=\"cislo\">16<\/div>\n  <div class=\"info\">\n    <div class=\"jmeno\">Hlisn\u00edkov\u00e1 Roz\u00e1lie<\/div>\n   <div class=\"meta\">2006 \u2022 sme\u010da\u0159ka<\/div>\n  <\/div>\n<\/div>\n<\/div>\n\n\n\n<div class=\"wp-block-column is-layout-flow wp-block-column-is-layout-flow\">\n<div class=\"hracka\">\n  <div class=\"cislo\">9<\/div>\n  <div class=\"info\">\n    <div class=\"jmeno\">Jand\u00e1tov\u00e1 Sarah<\/div>\n   <div class=\"meta\">2005 \u2022 univerz\u00e1lka<\/div>\n  <\/div>\n<\/div>\n<\/div>\n\n\n\n<div class=\"wp-block-column is-layout-flow wp-block-column-is-layout-flow\">\n<div class=\"hracka\">\n  <div class=\"cislo\">6<\/div>\n  <div class=\"info\">\n    <div class=\"jmeno\">Janu\u0161kov\u00e1 Lucie<\/div>\n   <div class=\"meta\">2000 \u2022 libero<\/div>\n  <\/div>\n<\/div>\n<\/div>\n<\/div>\n\n\n\n<div class=\"wp-block-columns has-primary-color has-text-color has-link-color has-alegreya-font-family has-superbfont-medium-font-size wp-elements-a68fba65621d3fd79b5a52dce112d72d is-layout-flex wp-container-core-columns-is-layout-28f84493 wp-block-columns-is-layout-flex\">\n<div class=\"wp-block-column is-layout-flow wp-block-column-is-layout-flow\">\n<div class=\"hracka\">\n  <div class=\"cislo\">12<\/div>\n  <div class=\"info\">\n    <div class=\"jmeno\">Jany\u0161kov\u00e1 Veronika <span class=\"hostovani\">(host)<\/span><\/div>\n    <div class=\"meta\">2005 \u2022 bloka\u0159ka<\/div>\n  <\/div>\n<\/div>\n<\/div>\n\n\n\n<div class=\"wp-block-column is-layout-flow wp-block-column-is-layout-flow\">\n<div class=\"hracka\">\n  <div class=\"cislo\">5<\/div>\n  <div class=\"info\">\n    <div class=\"jmeno\">Jaro\u0161ov\u00e1 Kate\u0159ina<\/div>\n   <div class=\"meta\">2005 \u2022 sme\u010da\u0159ka<\/div>\n  <\/div>\n<\/div>\n<\/div>\n\n\n\n<div class=\"wp-block-column is-layout-flow wp-block-column-is-layout-flow\">\n<div class=\"hracka\">\n  <div class=\"cislo\">17<\/div>\n  <div class=\"info\">\n    <div class=\"jmeno\">Jiravov\u00e1 Kate\u0159ina<\/div>\n   <div class=\"meta\">2006 \u2022 bloka\u0159ka<\/div>\n  <\/div>\n<\/div>\n<\/div>\n<\/div>\n\n\n\n<div class=\"wp-block-columns has-primary-color has-text-color has-link-color has-alegreya-font-family has-superbfont-medium-font-size wp-elements-4ebcb3c434ff603cbcdc94e6a5edfff9 is-layout-flex wp-container-core-columns-is-layout-28f84493 wp-block-columns-is-layout-flex\">\n<div class=\"wp-block-column is-layout-flow wp-block-column-is-layout-flow\">\n<div class=\"hracka\">\n  <div class=\"cislo\">3<\/div>\n  <div class=\"info\">\n    <div class=\"jmeno\">Kardeliakov\u00e1 Am\u00e1lie<\/div>\n   <div class=\"meta\">2008 \u2022 libero, nahr\u00e1va\u010dka<\/div>\n  <\/div>\n<\/div>\n<\/div>\n\n\n\n<div class=\"wp-block-column is-layout-flow wp-block-column-is-layout-flow\">\n<div class=\"hracka\">\n  <div class=\"cislo\">4<\/div>\n  <div class=\"info\">\n    <div class=\"jmeno\">Kastowsk\u00e1 Kate\u0159ina<\/div>\n   <div class=\"meta\">2006 \u2022 sme\u010da\u0159ka<\/div>\n  <\/div>\n<\/div>\n<\/div>\n\n\n\n<div class=\"wp-block-column is-layout-flow wp-block-column-is-layout-flow\">\n<div class=\"hracka\">\n  <div class=\"cislo\">1<\/div>\n  <div class=\"info\">\n    <div class=\"jmeno\">Krupov\u00e1 Vendula<\/div>\n   <div class=\"meta\">2007 \u2022 nahr\u00e1va\u010dka, bloka\u0159ka<\/div>\n  <\/div>\n<\/div>\n<\/div>\n<\/div>\n\n\n\n<div class=\"wp-block-columns is-layout-flex wp-container-core-columns-is-layout-28f84493 wp-block-columns-is-layout-flex\">\n<div class=\"wp-block-column has-primary-color has-text-color has-link-color has-alegreya-font-family has-superbfont-medium-font-size wp-elements-9a3387f3256decb23ce0e376d78c8b74 is-layout-flow wp-block-column-is-layout-flow\">\n<div class=\"hracka\">\n  <div class=\"cislo\">15<\/div>\n  <div class=\"info\">\n    <div class=\"jmeno\">Kucha\u0159ov\u00e1 Al\u017eb\u011bta<\/div>\n   <div class=\"meta\">2008 \u2022 univerz\u00e1lka<\/div>\n  <\/div>\n<\/div>\n<\/div>\n\n\n\n<div class=\"wp-block-column has-primary-color has-text-color has-link-color has-alegreya-font-family has-superbfont-medium-font-size wp-elements-3cea1db651da72eb7c5c257e5e113d39 is-layout-flow wp-block-column-is-layout-flow\">\n<div class=\"hracka\">\n  <div class=\"cislo\">12<\/div>\n  <div class=\"info\">\n    <div class=\"jmeno\">Pinkov\u00e1 Nikol<\/div>\n   <div class=\"meta\">2007 \u2022 sme\u010da\u0159ka<\/div>\n  <\/div>\n<\/div>\n<\/div>\n\n\n\n<div class=\"wp-block-column has-primary-color has-text-color has-link-color has-alegreya-font-family has-superbfont-medium-font-size wp-elements-1fc8c420e1c6f00ff557b2b1389e81ee is-layout-flow wp-block-column-is-layout-flow\">\n<div class=\"hracka\">\n  <div class=\"cislo\">14<\/div>\n  <div class=\"info\">\n    <div class=\"jmeno\">Po\u0161tulkov\u00e1 Lucie<\/div>\n   <div class=\"meta\">2006 \u2022 nahr\u00e1va\u010dka<\/div>\n  <\/div>\n<\/div>\n<\/div>\n<\/div>\n\n\n\n<div class=\"wp-block-columns is-layout-flex wp-container-core-columns-is-layout-28f84493 wp-block-columns-is-layout-flex\">\n<div class=\"wp-block-column is-layout-flow wp-block-column-is-layout-flow\">\n<div class=\"hracka\">\n  <div class=\"cislo\">19<\/div>\n  <div class=\"info\">\n    <div class=\"jmeno\">Tome\u010dkov\u00e1 Kate\u0159ina<\/div>\n   <div class=\"meta\">2007 \u2022 univerz\u00e1lka<\/div>\n  <\/div>\n<\/div>\n<\/div>\n\n\n\n<div class=\"wp-block-column is-layout-flow wp-block-column-is-layout-flow\"><\/div>\n\n\n\n<div class=\"wp-block-column is-layout-flow wp-block-column-is-layout-flow\"><\/div>\n<\/div>\n\n\n\n<figure class=\"wp-block-image size-full\"><img loading=\"lazy\" decoding=\"async\" width=\"2048\" height=\"1365\" src=\"https:\/\/volejbalhlucin.cz\/wp-content\/uploads\/2026\/03\/zeny-A-edited.jpg\" alt=\"\" class=\"wp-image-626\" srcset=\"https:\/\/volejbalhlucin.cz\/wp-content\/uploads\/2026\/03\/zeny-A-edited.jpg 2048w, https:\/\/volejbalhlucin.cz\/wp-content\/uploads\/2026\/03\/zeny-A-edited-300x200.jpg 300w, https:\/\/volejbalhlucin.cz\/wp-content\/uploads\/2026\/03\/zeny-A-edited-1024x683.jpg 1024w, https:\/\/volejbalhlucin.cz\/wp-content\/uploads\/2026\/03\/zeny-A-edited-768x512.jpg 768w, https:\/\/volejbalhlucin.cz\/wp-content\/uploads\/2026\/03\/zeny-A-edited-1536x1024.jpg 1536w\" sizes=\"auto, (max-width: 2048px) 100vw, 2048px\" \/><\/figure>\n\n\n\n<p style=\"opacity: 0;\" superb-addons-animation=\"slideInUp\" class=\"has-base-color has-text-color has-link-color wp-elements-091536f5678e001e0614c97bf5a28702\">ffff<\/p>\n\n\n\n<h2 class=\"wp-block-heading has-alegreya-font-family\">Realiza\u010dn\u00ed t\u00fdm<\/h2>\n\n\n\n<p class=\"has-primary-color has-text-color has-link-color has-alegreya-font-family wp-elements-27b5deb35ea779b6d772c4bd41d2a135\"><strong>Janu\u0161kov\u00e1 Lucie<\/strong><br>hlavn\u00ed tren\u00e9rka<\/p>\n","protected":false},"excerpt":{"rendered":"<p>Soupiska hr\u00e1\u010dek pro sez\u00f3nu 2025\/2026 11 Barv\u00edkov\u00e1 Al\u017eb\u011bta 2003 \u2022 bloka\u0159ka 7 Grenov\u00e1 Katrin 1998 \u2022 sme\u010da\u0159ka, univerz\u00e1lka 10 Hanske Anna Viktorie 2008 \u2022 bloka\u0159ka 16 Hlisn\u00edkov\u00e1 Roz\u00e1lie 2006 \u2022 sme\u010da\u0159ka 9 Jand\u00e1tov\u00e1 Sarah 2005 \u2022 univerz\u00e1lka 6 Janu\u0161kov\u00e1 Lucie 2000 \u2022 libero 12 Jany\u0161kov\u00e1 Veronika (host) 2005 \u2022 bloka\u0159ka 5 Jaro\u0161ov\u00e1 Kate\u0159ina 2005 \u2022 [&hellip;]<\/p>\n","protected":false},"author":14,"featured_media":0,"parent":0,"menu_order":0,"comment_status":"closed","ping_status":"closed","template":"","meta":{"footnotes":""},"class_list":["post-605","page","type-page","status-publish","hentry"],"_links":{"self":[{"href":"https:\/\/volejbalhlucin.cz\/index.php?rest_route=\/wp\/v2\/pages\/605","targetHints":{"allow":["GET"]}}],"collection":[{"href":"https:\/\/volejbalhlucin.cz\/index.php?rest_route=\/wp\/v2\/pages"}],"about":[{"href":"https:\/\/volejbalhlucin.cz\/index.php?rest_route=\/wp\/v2\/types\/page"}],"author":[{"embeddable":true,"href":"https:\/\/volejbalhlucin.cz\/index.php?rest_route=\/wp\/v2\/users\/14"}],"replies":[{"embeddable":true,"href":"https:\/\/volejbalhlucin.cz\/index.php?rest_route=%2Fwp%2Fv2%2Fcomments&post=605"}],"version-history":[{"count":32,"href":"https:\/\/volejbalhlucin.cz\/index.php?rest_route=\/wp\/v2\/pages\/605\/revisions"}],"predecessor-version":[{"id":789,"href":"https:\/\/volejbalhlucin.cz\/index.php?rest_route=\/wp\/v2\/pages\/605\/revisions\/789"}],"wp:attachment":[{"href":"https:\/\/volejbalhlucin.cz\/index.php?rest_route=%2Fwp%2Fv2%2Fmedia&parent=605"}],"curies":[{"name":"wp","href":"https:\/\/api.w.org\/{rel}","templated":true}]}}