{"id":128,"date":"2024-04-28T21:54:50","date_gmt":"2024-04-28T19:54:50","guid":{"rendered":"https:\/\/new.volejbalhlucin.cz\/?page_id=128"},"modified":"2024-06-05T14:01:14","modified_gmt":"2024-06-05T12:01:14","slug":"o-nas","status":"publish","type":"page","link":"https:\/\/volejbalhlucin.cz\/?page_id=128","title":{"rendered":"O n\u00e1s"},"content":{"rendered":"\n<p class=\"has-primary-color has-text-color has-link-color wp-elements-aec35e6316c755cfaed50cee33e510e6\" style=\"font-size:clamp(15.747px, 0.984rem + ((1vw - 3.2px) * 0.938), 24px);\">Volejbalov\u00fd klub TJ Hlu\u010d\u00edn m\u00e1 dlouhou a hrdou historii, sahaj\u00edc\u00ed v\u00edce ne\u017e 60 let zp\u011bt. Od sv\u00e9ho zalo\u017een\u00ed v roce 1963 jsme se stali ned\u00edlnou sou\u010d\u00e1st\u00ed m\u00edstn\u00ed sportovn\u00ed komunity a na\u0161\u00edm hlavn\u00edm c\u00edlem v\u017edy bylo podporovat l\u00e1sku k volejbalu mezi lidmi v\u0161ech v\u011bkov\u00fdch kategori\u00ed.<\/p>\n\n\n\n<p class=\"has-primary-color has-text-color has-link-color wp-elements-1ad483f10f57a9312205da22aec55b96\" style=\"font-size:clamp(15.747px, 0.984rem + ((1vw - 3.2px) * 0.938), 24px);\">Na\u0161e mu\u017estva hraj\u00ed p\u0159ev\u00e1\u017en\u011b v krajsk\u00fdch p\u0159eborech, kde pravideln\u011b soupe\u0159\u00edme s dal\u0161\u00edmi t\u00fdmy a sna\u017e\u00edme se dos\u00e1hnout co nejlep\u0161\u00edch v\u00fdsledk\u016f. I kdy\u017e nejsme na vrcholu profesion\u00e1ln\u00edch sout\u011b\u017e\u00ed, n\u00e1\u0161 z\u00e1pal pro hru a touha po zlep\u0161ov\u00e1n\u00ed n\u00e1s \u017eene kup\u0159edu. Na\u0161e t\u00fdmy se skl\u00e1daj\u00ed z nad\u0161en\u00fdch amat\u00e9r\u016f, kte\u0159\u00ed miluj\u00ed tento sport a cht\u011bj\u00ed se neust\u00e1le zdokonalovat.<\/p>\n\n\n\n<p class=\"has-primary-color has-text-color has-link-color wp-elements-4365fe7361119610363c1f5e21c2cf9d\" style=\"font-size:clamp(15.747px, 0.984rem + ((1vw - 3.2px) * 0.938), 24px);\">Klub nen\u00ed jen o sout\u011b\u017e\u00edch a z\u00e1pasech. Jsme komunitou p\u0159\u00e1tel a rodin, kte\u0159\u00ed sd\u00edl\u00ed spole\u010dnou v\u00e1\u0161e\u0148. Po\u0159\u00e1d\u00e1me pravideln\u00e9 tr\u00e9ninky, turnaje a spole\u010densk\u00e9 akce, kter\u00e9 podporuj\u00ed t\u00fdmov\u00e9ho ducha a posiluj\u00ed vazby mezi na\u0161imi \u010dleny. Velk\u00fd d\u016fraz klademe na v\u00fdchovu mlad\u00fdch talent\u016f a sna\u017e\u00edme se jim p\u0159edat nejen volejbalov\u00e9 dovednosti, ale i hodnoty fair play a t\u00fdmov\u00e9 spolupr\u00e1ce.<\/p>\n\n\n\n<p class=\"has-primary-color has-text-color has-link-color wp-elements-1ad99f3381618b65b35c7d5b052dfe69\" style=\"font-size:clamp(15.747px, 0.984rem + ((1vw - 3.2px) * 0.938), 24px);\">P\u0159ij\u010fte se pod\u00edvat na n\u00e1\u0161 tr\u00e9nink nebo z\u00e1pas a zjist\u011bte, jak se m\u016f\u017eete st\u00e1t sou\u010d\u00e1st\u00ed na\u0161\u00ed volejbalov\u00e9 rodiny. Jsme otev\u0159eni nov\u00fdm \u010dlen\u016fm v\u0161ech v\u011bkov\u00fdch kategori\u00ed a \u00farovn\u00ed dovednost\u00ed. A\u0165 u\u017e jste za\u010d\u00e1te\u010dn\u00edk, nebo zku\u0161en\u00fd hr\u00e1\u010d, u n\u00e1s najdete sv\u00e9 m\u00edsto.<\/p>\n\n\n\n<p class=\"has-primary-color has-text-color has-link-color wp-elements-aead31dd86f6f38c47280ef61caba406\" style=\"font-size:clamp(15.747px, 0.984rem + ((1vw - 3.2px) * 0.938), 24px);\">Volejbalov\u00fd odd\u00edl TJ Hlu\u010d\u00edn \u2013 volejbal s tradic\u00ed, nad\u0161en\u00edm a srdcem.<\/p>\n","protected":false},"excerpt":{"rendered":"<p>Volejbalov\u00fd klub TJ Hlu\u010d\u00edn m\u00e1 dlouhou a hrdou historii, sahaj\u00edc\u00ed v\u00edce ne\u017e 60 let zp\u011bt. Od sv\u00e9ho zalo\u017een\u00ed v roce 1963 jsme se stali ned\u00edlnou sou\u010d\u00e1st\u00ed m\u00edstn\u00ed sportovn\u00ed komunity a na\u0161\u00edm hlavn\u00edm c\u00edlem v\u017edy bylo podporovat l\u00e1sku k volejbalu mezi lidmi v\u0161ech v\u011bkov\u00fdch kategori\u00ed. Na\u0161e mu\u017estva hraj\u00ed p\u0159ev\u00e1\u017en\u011b v krajsk\u00fdch p\u0159eborech, kde pravideln\u011b soupe\u0159\u00edme s [&hellip;]<\/p>\n","protected":false},"author":1,"featured_media":53,"parent":0,"menu_order":0,"comment_status":"closed","ping_status":"closed","template":"","meta":{"footnotes":""},"class_list":["post-128","page","type-page","status-publish","has-post-thumbnail","hentry"],"_links":{"self":[{"href":"https:\/\/volejbalhlucin.cz\/index.php?rest_route=\/wp\/v2\/pages\/128","targetHints":{"allow":["GET"]}}],"collection":[{"href":"https:\/\/volejbalhlucin.cz\/index.php?rest_route=\/wp\/v2\/pages"}],"about":[{"href":"https:\/\/volejbalhlucin.cz\/index.php?rest_route=\/wp\/v2\/types\/page"}],"author":[{"embeddable":true,"href":"https:\/\/volejbalhlucin.cz\/index.php?rest_route=\/wp\/v2\/users\/1"}],"replies":[{"embeddable":true,"href":"https:\/\/volejbalhlucin.cz\/index.php?rest_route=%2Fwp%2Fv2%2Fcomments&post=128"}],"version-history":[{"count":3,"href":"https:\/\/volejbalhlucin.cz\/index.php?rest_route=\/wp\/v2\/pages\/128\/revisions"}],"predecessor-version":[{"id":294,"href":"https:\/\/volejbalhlucin.cz\/index.php?rest_route=\/wp\/v2\/pages\/128\/revisions\/294"}],"wp:featuredmedia":[{"embeddable":true,"href":"https:\/\/volejbalhlucin.cz\/index.php?rest_route=\/wp\/v2\/media\/53"}],"wp:attachment":[{"href":"https:\/\/volejbalhlucin.cz\/index.php?rest_route=%2Fwp%2Fv2%2Fmedia&parent=128"}],"curies":[{"name":"wp","href":"https:\/\/api.w.org\/{rel}","templated":true}]}}