{"id":12,"date":"2024-04-26T17:46:31","date_gmt":"2024-04-26T15:46:31","guid":{"rendered":"https:\/\/new.volejbalhlucin.cz\/?page_id=12"},"modified":"2026-03-18T11:49:58","modified_gmt":"2026-03-18T10:49:58","slug":"novinky","status":"publish","type":"page","link":"https:\/\/volejbalhlucin.cz\/?page_id=12","title":{"rendered":"Co se u n\u00e1s d\u011bje &#8230;"},"content":{"rendered":"\n<div class=\"wp-block-columns is-layout-flex wp-container-core-columns-is-layout-28f84493 wp-block-columns-is-layout-flex\">\n<div class=\"wp-block-column is-layout-flow wp-block-column-is-layout-flow\" style=\"flex-basis:100%\">\n<div class=\"wp-block-group is-style-default has-primary-color has-text-color has-link-color has-superbfont-large-font-size wp-elements-8ad897f1e369477e2f5957ae49410601 is-vertical is-content-justification-center is-nowrap is-layout-flex wp-container-core-group-is-layout-2c63296a wp-block-group-is-layout-flex\"><ul style=\"border-top-left-radius:0px;border-top-right-radius:0px;border-bottom-left-radius:0px;border-bottom-right-radius:0px;border-style:none;border-width:0px; padding-top:var(--wp--preset--spacing--superbspacing-xsmall);padding-bottom:var(--wp--preset--spacing--superbspacing-xsmall);padding-left:var(--wp--preset--spacing--superbspacing-large);padding-right:var(--wp--preset--spacing--superbspacing-large);\" class=\"wp-block-latest-posts__list has-link-color aligncenter wp-elements-7df4c9aaa0f293b2012554bbe8060ee7 wp-block-latest-posts has-text-color has-primary-color has-superbfont-medium-font-size has-alegreya-font-family wp-container-content-9cfa9a5a\"><li><a class=\"wp-block-latest-posts__post-title\" href=\"https:\/\/volejbalhlucin.cz\/?p=576\">Velikono\u010dn\u00edk 2026<\/a><div class=\"wp-block-latest-posts__post-full-content\"><!-- wp:image {\"id\":577,\"sizeSlug\":\"large\",\"linkDestination\":\"none\",\"align\":\"center\"} -->\n<figure class=\"wp-block-image aligncenter size-large\"><img loading=\"lazy\" decoding=\"async\" width=\"724\" height=\"1024\" src=\"https:\/\/volejbalhlucin.cz\/wp-content\/uploads\/2026\/03\/Velikonocnik-2026-724x1024.png\" alt=\"\" class=\"wp-image-577\" srcset=\"https:\/\/volejbalhlucin.cz\/wp-content\/uploads\/2026\/03\/Velikonocnik-2026-724x1024.png 724w, https:\/\/volejbalhlucin.cz\/wp-content\/uploads\/2026\/03\/Velikonocnik-2026-212x300.png 212w, https:\/\/volejbalhlucin.cz\/wp-content\/uploads\/2026\/03\/Velikonocnik-2026-768x1086.png 768w, https:\/\/volejbalhlucin.cz\/wp-content\/uploads\/2026\/03\/Velikonocnik-2026-1086x1536.png 1086w, https:\/\/volejbalhlucin.cz\/wp-content\/uploads\/2026\/03\/Velikonocnik-2026-1448x2048.png 1448w, https:\/\/volejbalhlucin.cz\/wp-content\/uploads\/2026\/03\/Velikonocnik-2026.png 1587w\" sizes=\"auto, (max-width: 724px) 100vw, 724px\" \/><\/figure>\n<!-- \/wp:image -->\n\n<!-- wp:paragraph {\"fontFamily\":\"alegreya\"} -->\n<p class=\"has-alegreya-font-family\">Volejbalov\u00fd odd\u00edl TJ Hlu\u010d\u00edn zve v\u0161echny st\u00e1vaj\u00edc\u00ed i b\u00fdval\u00e9 hr\u00e1\u010de odd\u00edlu na tradi\u010dn\u00ed Velikono\u010dn\u00edk!<\/p>\n<!-- \/wp:paragraph -->\n\n<!-- wp:paragraph {\"fontFamily\":\"alegreya\"} -->\n<p class=\"has-alegreya-font-family\">Kdy: 02.04.2026 v 17:00<br>Registrace prob\u00edh\u00e1 od 16:30<br><br>Turnaj je otev\u0159en hr\u00e1\u010d\u016fm star\u0161\u00edm 18 let.<br><br>T\u011b\u0161\u00edme se na V\u00e1s!<br><\/p>\n<!-- \/wp:paragraph -->\n\n<!-- wp:separator {\"className\":\"is-style-wide\"} -->\n<hr class=\"wp-block-separator has-alpha-channel-opacity is-style-wide\" \/>\n<!-- \/wp:separator --><\/div><\/li>\n<li><a class=\"wp-block-latest-posts__post-title\" href=\"https:\/\/volejbalhlucin.cz\/?p=546\">Novoro\u010dn\u00ed turnaj 2025<\/a><div class=\"wp-block-latest-posts__post-full-content\"><!-- wp:paragraph {\"style\":{\"elements\":{\"link\":{\"color\":{\"text\":\"var:preset|color|primary\"}}}},\"textColor\":\"primary\"} -->\n<p class=\"has-primary-color has-text-color has-link-color\">P\u0159ij\u010fte s n\u00e1mi oslavit Nov\u00fd rok i Vy!<\/p>\n<!-- \/wp:paragraph -->\n\n<!-- wp:columns -->\n<div class=\"wp-block-columns\"><!-- wp:column -->\n<div class=\"wp-block-column\"><\/div>\n<!-- \/wp:column -->\n\n<!-- wp:column {\"width\":\"75%\"} -->\n<div class=\"wp-block-column\" style=\"flex-basis:75%\"><!-- wp:image {\"id\":547,\"sizeSlug\":\"full\",\"linkDestination\":\"none\",\"align\":\"center\",\"style\":{\"spacing\":{\"margin\":{\"top\":\"var:preset|spacing|superbspacing-small\"}}}} -->\n<figure class=\"wp-block-image aligncenter size-full\" style=\"margin-top:var(--wp--preset--spacing--superbspacing-small)\"><img loading=\"lazy\" decoding=\"async\" width=\"699\" height=\"992\" src=\"https:\/\/volejbalhlucin.cz\/wp-content\/uploads\/2024\/12\/2025_novorocni_turnaj-1.jpeg\" alt=\"\" class=\"wp-image-547\" srcset=\"https:\/\/volejbalhlucin.cz\/wp-content\/uploads\/2024\/12\/2025_novorocni_turnaj-1.jpeg 699w, https:\/\/volejbalhlucin.cz\/wp-content\/uploads\/2024\/12\/2025_novorocni_turnaj-1-211x300.jpeg 211w\" sizes=\"auto, (max-width: 699px) 100vw, 699px\" \/><\/figure>\n<!-- \/wp:image --><\/div>\n<!-- \/wp:column -->\n\n<!-- wp:column -->\n<div class=\"wp-block-column\"><\/div>\n<!-- \/wp:column --><\/div>\n<!-- \/wp:columns -->\n\n<!-- wp:separator {\"className\":\"is-style-wide\"} -->\n<hr class=\"wp-block-separator has-alpha-channel-opacity is-style-wide\" \/>\n<!-- \/wp:separator -->\n\n<!-- wp:paragraph {\"style\":{\"spacing\":{\"margin\":{\"top\":\"var:preset|spacing|superbspacing-small\"}}}} -->\n<p style=\"margin-top:var(--wp--preset--spacing--superbspacing-small)\">Tyr\u0161ova 1668\/5A, 748 01 Hlu\u010d\u00edn<\/p>\n<!-- \/wp:paragraph -->\n\n<!-- wp:html -->\n\n<!-- \/wp:html --><\/div><\/li>\n<li><a class=\"wp-block-latest-posts__post-title\" href=\"https:\/\/volejbalhlucin.cz\/?p=209\">Letn\u00ed kempy<\/a><div class=\"wp-block-latest-posts__post-full-content\"><!-- wp:paragraph {\"style\":{\"elements\":{\"link\":{\"color\":{\"text\":\"var:preset|color|primary\"}}}},\"textColor\":\"primary\"} -->\n<p class=\"has-primary-color has-text-color has-link-color\">Letos se konaly kempy v Hlu\u010d\u00edn\u011b, V\u0159esin\u011b a v N\u011bmecku<\/p>\n<!-- \/wp:paragraph -->\n\n<!-- wp:gallery {\"linkTo\":\"media\"} -->\n<figure class=\"wp-block-gallery has-nested-images columns-default is-cropped\"><!-- wp:image {\"id\":328,\"sizeSlug\":\"large\",\"linkDestination\":\"media\"} -->\n<figure class=\"wp-block-image size-large\"><a href=\"https:\/\/volejbalhlucin.cz\/wp-content\/uploads\/2024\/05\/nemecko-skupina-1.jpg\"><img loading=\"lazy\" decoding=\"async\" width=\"768\" height=\"1024\" src=\"https:\/\/volejbalhlucin.cz\/wp-content\/uploads\/2024\/05\/nemecko-skupina-1-768x1024.jpg\" alt=\"\" class=\"wp-image-328\" srcset=\"https:\/\/volejbalhlucin.cz\/wp-content\/uploads\/2024\/05\/nemecko-skupina-1-768x1024.jpg 768w, https:\/\/volejbalhlucin.cz\/wp-content\/uploads\/2024\/05\/nemecko-skupina-1-225x300.jpg 225w, https:\/\/volejbalhlucin.cz\/wp-content\/uploads\/2024\/05\/nemecko-skupina-1-1152x1536.jpg 1152w, https:\/\/volejbalhlucin.cz\/wp-content\/uploads\/2024\/05\/nemecko-skupina-1.jpg 1536w\" sizes=\"auto, (max-width: 768px) 100vw, 768px\" \/><\/a><\/figure>\n<!-- \/wp:image -->\n\n<!-- wp:image {\"id\":329,\"sizeSlug\":\"large\",\"linkDestination\":\"media\"} -->\n<figure class=\"wp-block-image size-large\"><a href=\"https:\/\/volejbalhlucin.cz\/wp-content\/uploads\/2024\/05\/vresine-skupina.jpg\"><img loading=\"lazy\" decoding=\"async\" width=\"768\" height=\"1024\" src=\"https:\/\/volejbalhlucin.cz\/wp-content\/uploads\/2024\/05\/vresine-skupina-768x1024.jpg\" alt=\"\" class=\"wp-image-329\" srcset=\"https:\/\/volejbalhlucin.cz\/wp-content\/uploads\/2024\/05\/vresine-skupina-768x1024.jpg 768w, https:\/\/volejbalhlucin.cz\/wp-content\/uploads\/2024\/05\/vresine-skupina-225x300.jpg 225w, https:\/\/volejbalhlucin.cz\/wp-content\/uploads\/2024\/05\/vresine-skupina-1152x1536.jpg 1152w, https:\/\/volejbalhlucin.cz\/wp-content\/uploads\/2024\/05\/vresine-skupina.jpg 1200w\" sizes=\"auto, (max-width: 768px) 100vw, 768px\" \/><\/a><\/figure>\n<!-- \/wp:image --><\/figure>\n<!-- \/wp:gallery -->\n\n<!-- wp:image {\"id\":339,\"sizeSlug\":\"large\",\"linkDestination\":\"none\"} -->\n<figure class=\"wp-block-image size-large\"><img loading=\"lazy\" decoding=\"async\" width=\"768\" height=\"1024\" src=\"https:\/\/volejbalhlucin.cz\/wp-content\/uploads\/2024\/05\/zacky-kemp-768x1024.jpg\" alt=\"\" class=\"wp-image-339\" srcset=\"https:\/\/volejbalhlucin.cz\/wp-content\/uploads\/2024\/05\/zacky-kemp-768x1024.jpg 768w, https:\/\/volejbalhlucin.cz\/wp-content\/uploads\/2024\/05\/zacky-kemp-225x300.jpg 225w, https:\/\/volejbalhlucin.cz\/wp-content\/uploads\/2024\/05\/zacky-kemp-1152x1536.jpg 1152w, https:\/\/volejbalhlucin.cz\/wp-content\/uploads\/2024\/05\/zacky-kemp.jpg 1500w\" sizes=\"auto, (max-width: 768px) 100vw, 768px\" \/><\/figure>\n<!-- \/wp:image --><\/div><\/li>\n<li><a class=\"wp-block-latest-posts__post-title\" href=\"https:\/\/volejbalhlucin.cz\/?p=200\">Turnaj Frant\u016fv Mix 2024<\/a><div class=\"wp-block-latest-posts__post-full-content\"><!-- wp:paragraph {\"style\":{\"elements\":{\"link\":{\"color\":{\"text\":\"var:preset|color|primary\"}}}},\"textColor\":\"primary\"} -->\n<p class=\"has-primary-color has-text-color has-link-color\">Ulo\u017ete si do va\u0161ich kalend\u00e1\u0159\u016f a t\u011b\u0161\u00edme se na v\u0161echny\u00a0<img loading=\"lazy\" decoding=\"async\" height=\"16\" width=\"16\" src=\"https:\/\/static.xx.fbcdn.net\/images\/emoji.php\/v9\/tfc\/1\/16\/1f44d.png\" alt=\"\ud83d\udc4d\">\u00a0<\/p>\n<!-- \/wp:paragraph -->\n\n<!-- wp:paragraph {\"style\":{\"elements\":{\"link\":{\"color\":{\"text\":\"var:preset|color|primary\"}}}},\"textColor\":\"primary\"} -->\n<p class=\"has-primary-color has-text-color has-link-color\">Turnaj je ur\u010den pouze pro v\u0161echny aktivn\u00ed a b\u00fdval\u00e9 \u010dleny klubu TJ Hlu\u010d\u00edn.<\/p>\n<!-- \/wp:paragraph -->\n\n<!-- wp:image {\"id\":321,\"sizeSlug\":\"large\",\"linkDestination\":\"none\"} -->\n<figure class=\"wp-block-image size-large\"><img loading=\"lazy\" decoding=\"async\" width=\"1024\" height=\"1024\" src=\"https:\/\/volejbalhlucin.cz\/wp-content\/uploads\/2024\/05\/mix-1024x1024.jpg\" alt=\"\" class=\"wp-image-321\" srcset=\"https:\/\/volejbalhlucin.cz\/wp-content\/uploads\/2024\/05\/mix-1024x1024.jpg 1024w, https:\/\/volejbalhlucin.cz\/wp-content\/uploads\/2024\/05\/mix-300x300.jpg 300w, https:\/\/volejbalhlucin.cz\/wp-content\/uploads\/2024\/05\/mix-150x150.jpg 150w, https:\/\/volejbalhlucin.cz\/wp-content\/uploads\/2024\/05\/mix-768x768.jpg 768w, https:\/\/volejbalhlucin.cz\/wp-content\/uploads\/2024\/05\/mix.jpg 1080w\" sizes=\"auto, (max-width: 1024px) 100vw, 1024px\" \/><\/figure>\n<!-- \/wp:image --><\/div><\/li>\n<li><a class=\"wp-block-latest-posts__post-title\" href=\"https:\/\/volejbalhlucin.cz\/?p=1\">Na\u0161e soci\u00e1ln\u00ed s\u00edt\u011b<\/a><div class=\"wp-block-latest-posts__post-full-content\"><!-- wp:paragraph {\"style\":{\"spacing\":{\"margin\":{\"top\":\"var:preset|spacing|superbspacing-xsmall\"}},\"elements\":{\"link\":{\"color\":{\"text\":\"#3041fe\"}}}},\"textColor\":\"primary\"} -->\n<p class=\"has-primary-color has-text-color has-link-color\" style=\"margin-top:var(--wp--preset--spacing--superbspacing-xsmall)\"><a href=\"https:\/\/www.instagram.com\/volejbal_hlucin\/\">Instagram<\/a> \/ @volejbal_hlucin<\/p>\n<!-- \/wp:paragraph -->\n\n<!-- wp:image {\"lightbox\":{\"enabled\":false},\"id\":378,\"sizeSlug\":\"large\",\"linkDestination\":\"custom\",\"style\":{\"spacing\":{\"margin\":{\"bottom\":\"0\"}}}} -->\n<figure class=\"wp-block-image size-large\" style=\"margin-bottom:0\"><a href=\"https:\/\/www.instagram.com\/volejbal_hlucin\/\"><img loading=\"lazy\" decoding=\"async\" width=\"1024\" height=\"230\" src=\"https:\/\/volejbalhlucin.cz\/wp-content\/uploads\/2024\/04\/image-1-1024x230.png\" alt=\"\" class=\"wp-image-378\" srcset=\"https:\/\/volejbalhlucin.cz\/wp-content\/uploads\/2024\/04\/image-1-1024x230.png 1024w, https:\/\/volejbalhlucin.cz\/wp-content\/uploads\/2024\/04\/image-1-300x67.png 300w, https:\/\/volejbalhlucin.cz\/wp-content\/uploads\/2024\/04\/image-1-768x172.png 768w, https:\/\/volejbalhlucin.cz\/wp-content\/uploads\/2024\/04\/image-1.png 1284w\" sizes=\"auto, (max-width: 1024px) 100vw, 1024px\" \/><\/a><\/figure>\n<!-- \/wp:image -->\n\n<!-- wp:separator {\"className\":\"is-style-wide\",\"style\":{\"spacing\":{\"margin\":{\"bottom\":\"var:preset|spacing|superbspacing-medium\"}}}} -->\n<hr class=\"wp-block-separator has-alpha-channel-opacity is-style-wide\" style=\"margin-bottom:var(--wp--preset--spacing--superbspacing-medium)\" \/>\n<!-- \/wp:separator -->\n\n<!-- wp:paragraph {\"style\":{\"elements\":{\"link\":{\"color\":{\"text\":\"#3041fe\"}}}},\"textColor\":\"primary\"} -->\n<p class=\"has-primary-color has-text-color has-link-color\"><a href=\"https:\/\/www.facebook.com\/profile.php?id=100031858612489\">Facebook<\/a> \/ Volejbal odd\u00edl TJ Hlu\u010d\u00edn<\/p>\n<!-- \/wp:paragraph -->\n\n<!-- wp:image {\"lightbox\":{\"enabled\":false},\"id\":377,\"sizeSlug\":\"full\",\"linkDestination\":\"custom\"} -->\n<figure class=\"wp-block-image size-full\"><a href=\"https:\/\/www.facebook.com\/profile.php?id=100031858612489\"><img loading=\"lazy\" decoding=\"async\" width=\"1005\" height=\"311\" src=\"https:\/\/volejbalhlucin.cz\/wp-content\/uploads\/2024\/04\/image.png\" alt=\"\" class=\"wp-image-377\" srcset=\"https:\/\/volejbalhlucin.cz\/wp-content\/uploads\/2024\/04\/image.png 1005w, https:\/\/volejbalhlucin.cz\/wp-content\/uploads\/2024\/04\/image-300x93.png 300w, https:\/\/volejbalhlucin.cz\/wp-content\/uploads\/2024\/04\/image-768x238.png 768w\" sizes=\"auto, (max-width: 1005px) 100vw, 1005px\" \/><\/a><\/figure>\n<!-- \/wp:image -->\n\n<!-- wp:separator {\"className\":\"is-style-wide\"} -->\n<hr class=\"wp-block-separator has-alpha-channel-opacity is-style-wide\" \/>\n<!-- \/wp:separator -->\n\n<!-- wp:paragraph -->\n<p><\/p>\n<!-- \/wp:paragraph --><\/div><\/li>\n<\/ul><\/div>\n<\/div>\n<\/div>\n","protected":false},"excerpt":{"rendered":"","protected":false},"author":1,"featured_media":0,"parent":0,"menu_order":0,"comment_status":"closed","ping_status":"closed","template":"","meta":{"footnotes":""},"class_list":["post-12","page","type-page","status-publish","hentry"],"_links":{"self":[{"href":"https:\/\/volejbalhlucin.cz\/index.php?rest_route=\/wp\/v2\/pages\/12","targetHints":{"allow":["GET"]}}],"collection":[{"href":"https:\/\/volejbalhlucin.cz\/index.php?rest_route=\/wp\/v2\/pages"}],"about":[{"href":"https:\/\/volejbalhlucin.cz\/index.php?rest_route=\/wp\/v2\/types\/page"}],"author":[{"embeddable":true,"href":"https:\/\/volejbalhlucin.cz\/index.php?rest_route=\/wp\/v2\/users\/1"}],"replies":[{"embeddable":true,"href":"https:\/\/volejbalhlucin.cz\/index.php?rest_route=%2Fwp%2Fv2%2Fcomments&post=12"}],"version-history":[{"count":15,"href":"https:\/\/volejbalhlucin.cz\/index.php?rest_route=\/wp\/v2\/pages\/12\/revisions"}],"predecessor-version":[{"id":698,"href":"https:\/\/volejbalhlucin.cz\/index.php?rest_route=\/wp\/v2\/pages\/12\/revisions\/698"}],"wp:attachment":[{"href":"https:\/\/volejbalhlucin.cz\/index.php?rest_route=%2Fwp%2Fv2%2Fmedia&parent=12"}],"curies":[{"name":"wp","href":"https:\/\/api.w.org\/{rel}","templated":true}]}}